{"id":89,"date":"2024-09-27T00:36:29","date_gmt":"2024-09-26T22:36:29","guid":{"rendered":"https:\/\/vronsite.at\/?page_id=89"},"modified":"2025-11-19T17:08:36","modified_gmt":"2025-11-19T16:08:36","slug":"kontakt","status":"publish","type":"page","link":"https:\/\/vronsite.at\/?page_id=89","title":{"rendered":"Kontakt"},"content":{"rendered":"\t\t<div data-elementor-type=\"wp-page\" data-elementor-id=\"89\" class=\"elementor elementor-89\" data-elementor-post-type=\"page\">\n\t\t\t\t<div class=\"elementor-element elementor-element-0720e91 e-flex e-con-boxed e-con e-parent\" data-id=\"0720e91\" data-element_type=\"container\" data-e-type=\"container\" data-settings=\"{&quot;background_background&quot;:&quot;classic&quot;}\">\n\t\t\t\t\t<div class=\"e-con-inner\">\n\t\t\t\t\t<\/div>\n\t\t\t\t<\/div>\n\t\t<div class=\"elementor-element elementor-element-27060e3 e-flex e-con-boxed e-con e-parent\" data-id=\"27060e3\" data-element_type=\"container\" data-e-type=\"container\" data-settings=\"{&quot;background_background&quot;:&quot;classic&quot;}\">\n\t\t\t\t\t<div class=\"e-con-inner\">\n\t\t\t\t<div class=\"elementor-element elementor-element-22d4e54 elementor-widget elementor-widget-heading\" data-id=\"22d4e54\" data-element_type=\"widget\" data-e-type=\"widget\" data-widget_type=\"heading.default\">\n\t\t\t\t<div class=\"elementor-widget-container\">\n\t\t\t\t\t<h2 class=\"elementor-heading-title elementor-size-default\">Kontaktformular<\/h2>\t\t\t\t<\/div>\n\t\t\t\t<\/div>\n\t\t\t\t<div class=\"elementor-element elementor-element-17f157b elementor-widget__width-initial elementor-widget elementor-widget-text-editor\" data-id=\"17f157b\" data-element_type=\"widget\" data-e-type=\"widget\" data-widget_type=\"text-editor.default\">\n\t\t\t\t<div class=\"elementor-widget-container\">\n\t\t\t\t\t\t\t\t\t<p>Haben Sie Fragen zu VROnSite oder ben\u00f6tigen Unterst\u00fctzung bei einem konkreten Anliegen?<br \/>Schreiben Sie uns gerne eine Nachricht \u00fcber das untenstehende Kontaktformular oder kontaktieren Sie uns direkt per <a href=\"mailto:office@vronsite.at\" target=\"_blank\" rel=\"noopener\">eMail<\/a>.<\/p><p><strong>Wir freuen uns, Ihnen weiterzuhelfen!<\/strong><\/p>\t\t\t\t\t\t\t\t<\/div>\n\t\t\t\t<\/div>\n\t\t\t\t<div class=\"elementor-element elementor-element-7c6b206 elementor-widget elementor-widget-wpforms\" data-id=\"7c6b206\" data-element_type=\"widget\" data-e-type=\"widget\" data-widget_type=\"wpforms.default\">\n\t\t\t\t<div class=\"elementor-widget-container\">\n\t\t\t\t\t<style id=\"wpforms-css-vars-elementor-widget-7c6b206\">\n\t\t\t\t.elementor-widget-wpforms.elementor-element-7c6b206 {\n\t\t\t\t--wpforms-field-border-radius: 10px;\n--wpforms-field-border-color: #3676cc;\n--wpforms-field-border-color-spare: #3676cc;\n--wpforms-label-color: #a5c5ee;\n--wpforms-label-sublabel-color: #a5c5ee;\n--wpforms-label-error-color: #3676cc;\n--wpforms-button-border-radius: 100px;\n--wpforms-button-text-color: #FFFFFF;\n--wpforms-field-text-color: #111518;\n\t\t\t}\n\t\t\t<\/style><div class=\"wpforms-container wpforms-container-full wpforms-render-modern\" id=\"wpforms-157\"><form id=\"wpforms-form-157\" class=\"wpforms-validate wpforms-form wpforms-ajax-form\" data-formid=\"157\" method=\"post\" enctype=\"multipart\/form-data\" action=\"\/index.php?rest_route=%2Fwp%2Fv2%2Fpages%2F89\" data-token=\"0e9e1579f01cda55d2f2e766f25ed9dc\" data-token-time=\"1776002772\"><noscript class=\"wpforms-error-noscript\">Please enable JavaScript in your browser to complete this form.<\/noscript><div id=\"wpforms-error-noscript\" style=\"display: none;\">Please enable JavaScript in your browser to complete this form.<\/div><div class=\"wpforms-field-container\"><div id=\"wpforms-157-field_0-container\" class=\"wpforms-field wpforms-field-name\" data-field-id=\"0\"><fieldset><legend class=\"wpforms-field-label\">Name <span class=\"wpforms-required-label\" aria-hidden=\"true\">*<\/span><\/legend><div class=\"wpforms-field-row wpforms-field-medium\"><div class=\"wpforms-field-row-block wpforms-first wpforms-one-half\"><input type=\"text\" id=\"wpforms-157-field_0\" class=\"wpforms-field-name-first wpforms-field-required\" name=\"wpforms[fields][0][first]\" aria-errormessage=\"wpforms-157-field_0-error\" required><label for=\"wpforms-157-field_0\" class=\"wpforms-field-sublabel after\">First<\/label><\/div><div class=\"wpforms-field-row-block wpforms-one-half\"><input type=\"text\" id=\"wpforms-157-field_0-last\" class=\"wpforms-field-name-last wpforms-field-required\" name=\"wpforms[fields][0][last]\" aria-errormessage=\"wpforms-157-field_0-last-error\" required><label for=\"wpforms-157-field_0-last\" class=\"wpforms-field-sublabel after\">Last<\/label><\/div><\/div><\/fieldset><\/div><div id=\"wpforms-157-field_1-container\" class=\"wpforms-field wpforms-field-email\" data-field-id=\"1\"><label class=\"wpforms-field-label\" for=\"wpforms-157-field_1\">eMail <span class=\"wpforms-required-label\" aria-hidden=\"true\">*<\/span><\/label><input type=\"email\" id=\"wpforms-157-field_1\" class=\"wpforms-field-medium wpforms-field-required\" name=\"wpforms[fields][1]\" spellcheck=\"false\" aria-errormessage=\"wpforms-157-field_1-error\" required><\/div>\t\t<div id=\"wpforms-157-field_2-container\"\n\t\t\tclass=\"wpforms-field wpforms-field-text\"\n\t\t\tdata-field-type=\"text\"\n\t\t\tdata-field-id=\"2\"\n\t\t\t>\n\t\t\t<label class=\"wpforms-field-label\" for=\"wpforms-157-field_2\" >Name Telefonnummer eMail<\/label>\n\t\t\t<input type=\"text\" id=\"wpforms-157-field_2\" class=\"wpforms-field-medium\" name=\"wpforms[fields][2]\" >\n\t\t<\/div>\n\t\t<div id=\"wpforms-157-field_6-container\" class=\"wpforms-field wpforms-field-number\" data-field-id=\"6\"><label class=\"wpforms-field-label\" for=\"wpforms-157-field_6\">Telefonnummer<\/label><input type=\"number\" id=\"wpforms-157-field_6\" class=\"wpforms-field-medium\" name=\"wpforms[fields][6]\" step=\"any\" aria-errormessage=\"wpforms-157-field_6-error\" ><\/div><div id=\"wpforms-157-field_3-container\" class=\"wpforms-field wpforms-field-textarea\" data-field-id=\"3\"><label class=\"wpforms-field-label\" for=\"wpforms-157-field_3\">Message <span class=\"wpforms-required-label\" aria-hidden=\"true\">*<\/span><\/label><textarea id=\"wpforms-157-field_3\" class=\"wpforms-field-medium wpforms-field-required\" name=\"wpforms[fields][3]\" aria-errormessage=\"wpforms-157-field_3-error\" required><\/textarea><\/div><script>\n\t\t\t\t( function() {\n\t\t\t\t\tconst style = document.createElement( 'style' );\n\t\t\t\t\tstyle.appendChild( document.createTextNode( '#wpforms-157-field_2-container { position: absolute !important; overflow: hidden !important; display: inline !important; height: 1px !important; width: 1px !important; z-index: -1000 !important; padding: 0 !important; } #wpforms-157-field_2-container input { visibility: hidden; } #wpforms-conversational-form-page #wpforms-157-field_2-container label { counter-increment: none; }' ) );\n\t\t\t\t\tdocument.head.appendChild( style );\n\t\t\t\t\tdocument.currentScript?.remove();\n\t\t\t\t} )();\n\t\t\t<\/script><\/div><!-- .wpforms-field-container --><div class=\"wpforms-submit-container\" ><input type=\"hidden\" name=\"wpforms[id]\" value=\"157\"><input type=\"hidden\" name=\"page_title\" value=\"\"><input type=\"hidden\" name=\"page_url\" value=\"https:\/\/vronsite.at\/index.php?rest_route=\/wp\/v2\/pages\/89\"><input type=\"hidden\" name=\"url_referer\" value=\"\"><button type=\"submit\" name=\"wpforms[submit]\" id=\"wpforms-submit-157\" class=\"wpforms-submit\" data-alt-text=\"Wird gesendet!\" data-submit-text=\"Senden\" aria-live=\"assertive\" value=\"wpforms-submit\">Senden<\/button><img decoding=\"async\" src=\"https:\/\/vronsite.at\/wp-content\/plugins\/wpforms-lite\/assets\/images\/submit-spin.svg\" class=\"wpforms-submit-spinner\" style=\"display: none;\" width=\"26\" height=\"26\" alt=\"Loading\"><\/div><\/form><\/div>  <!-- .wpforms-container -->\t\t\t\t<\/div>\n\t\t\t\t<\/div>\n\t\t\t\t\t<\/div>\n\t\t\t\t<\/div>\n\t\t<div class=\"elementor-element elementor-element-366c1e1 e-flex e-con-boxed e-con e-parent\" data-id=\"366c1e1\" data-element_type=\"container\" data-e-type=\"container\" data-settings=\"{&quot;background_background&quot;:&quot;gradient&quot;}\">\n\t\t\t\t\t<div class=\"e-con-inner\">\n\t\t\t\t\t<\/div>\n\t\t\t\t<\/div>\n\t\t\t\t<\/div>\n\t\t","protected":false},"excerpt":{"rendered":"<p>Kontaktformular Haben Sie Fragen zu VROnSite oder ben\u00f6tigen Unterst\u00fctzung bei einem konkreten Anliegen?Schreiben Sie uns gerne eine Nachricht \u00fcber das untenstehende Kontaktformular oder kontaktieren Sie uns direkt per eMail. Wir freuen uns, Ihnen weiterzuhelfen! Please enable JavaScript in your browser to complete this form.Please enable JavaScript in your browser to complete this form. Name * [&hellip;]<\/p>\n","protected":false},"author":2,"featured_media":0,"parent":0,"menu_order":0,"comment_status":"closed","ping_status":"closed","template":"","meta":{"_crdt_document":"","footnotes":""},"class_list":["post-89","page","type-page","status-publish","hentry"],"blocksy_meta":[],"yoast_head":"<!-- This site is optimized with the Yoast SEO plugin v27.3 - https:\/\/yoast.com\/product\/yoast-seo-wordpress\/ -->\n<title>Kontakt - VROnSite<\/title>\n<meta name=\"robots\" content=\"index, follow, max-snippet:-1, max-image-preview:large, max-video-preview:-1\" \/>\n<link rel=\"canonical\" href=\"https:\/\/vronsite.at\/?page_id=89\" \/>\n<meta property=\"og:locale\" content=\"de_DE\" \/>\n<meta property=\"og:type\" content=\"article\" \/>\n<meta property=\"og:title\" content=\"Kontakt - VROnSite\" \/>\n<meta property=\"og:description\" content=\"Kontaktformular Haben Sie Fragen zu VROnSite oder ben\u00f6tigen Unterst\u00fctzung bei einem konkreten Anliegen?Schreiben Sie uns gerne eine Nachricht \u00fcber das untenstehende Kontaktformular oder kontaktieren Sie uns direkt per eMail. Wir freuen uns, Ihnen weiterzuhelfen! Please enable JavaScript in your browser to complete this form.Please enable JavaScript in your browser to complete this form. Name * [&hellip;]\" \/>\n<meta property=\"og:url\" content=\"https:\/\/vronsite.at\/?page_id=89\" \/>\n<meta property=\"og:site_name\" content=\"VROnSite\" \/>\n<meta property=\"article:modified_time\" content=\"2025-11-19T16:08:36+00:00\" \/>\n<meta property=\"og:image\" content=\"https:\/\/vronsite.at\/wp-content\/plugins\/wpforms-lite\/assets\/images\/submit-spin.svg\" \/>\n<meta name=\"twitter:card\" content=\"summary_large_image\" \/>\n<meta name=\"twitter:label1\" content=\"Gesch\u00e4tzte Lesezeit\" \/>\n\t<meta name=\"twitter:data1\" content=\"1 Minute\" \/>\n<script type=\"application\/ld+json\" class=\"yoast-schema-graph\">{\"@context\":\"https:\\\/\\\/schema.org\",\"@graph\":[{\"@type\":\"WebPage\",\"@id\":\"https:\\\/\\\/vronsite.at\\\/?page_id=89\",\"url\":\"https:\\\/\\\/vronsite.at\\\/?page_id=89\",\"name\":\"Kontakt - VROnSite\",\"isPartOf\":{\"@id\":\"https:\\\/\\\/vronsite.at\\\/#website\"},\"primaryImageOfPage\":{\"@id\":\"https:\\\/\\\/vronsite.at\\\/?page_id=89#primaryimage\"},\"image\":{\"@id\":\"https:\\\/\\\/vronsite.at\\\/?page_id=89#primaryimage\"},\"thumbnailUrl\":\"https:\\\/\\\/vronsite.at\\\/wp-content\\\/plugins\\\/wpforms-lite\\\/assets\\\/images\\\/submit-spin.svg\",\"datePublished\":\"2024-09-26T22:36:29+00:00\",\"dateModified\":\"2025-11-19T16:08:36+00:00\",\"breadcrumb\":{\"@id\":\"https:\\\/\\\/vronsite.at\\\/?page_id=89#breadcrumb\"},\"inLanguage\":\"de-AT\",\"potentialAction\":[{\"@type\":\"ReadAction\",\"target\":[\"https:\\\/\\\/vronsite.at\\\/?page_id=89\"]}]},{\"@type\":\"ImageObject\",\"inLanguage\":\"de-AT\",\"@id\":\"https:\\\/\\\/vronsite.at\\\/?page_id=89#primaryimage\",\"url\":\"https:\\\/\\\/vronsite.at\\\/wp-content\\\/plugins\\\/wpforms-lite\\\/assets\\\/images\\\/submit-spin.svg\",\"contentUrl\":\"https:\\\/\\\/vronsite.at\\\/wp-content\\\/plugins\\\/wpforms-lite\\\/assets\\\/images\\\/submit-spin.svg\"},{\"@type\":\"BreadcrumbList\",\"@id\":\"https:\\\/\\\/vronsite.at\\\/?page_id=89#breadcrumb\",\"itemListElement\":[{\"@type\":\"ListItem\",\"position\":1,\"name\":\"Startseite\",\"item\":\"https:\\\/\\\/vronsite.at\\\/\"},{\"@type\":\"ListItem\",\"position\":2,\"name\":\"Kontakt\"}]},{\"@type\":\"WebSite\",\"@id\":\"https:\\\/\\\/vronsite.at\\\/#website\",\"url\":\"https:\\\/\\\/vronsite.at\\\/\",\"name\":\"VROnSite\",\"description\":\"VR F\u00fchrungskr\u00e4ftesimulator by MasterMind Development\",\"publisher\":{\"@id\":\"https:\\\/\\\/vronsite.at\\\/#organization\"},\"alternateName\":\"VROnSite F\u00fchrungskr\u00e4fte Simulator\",\"potentialAction\":[{\"@type\":\"SearchAction\",\"target\":{\"@type\":\"EntryPoint\",\"urlTemplate\":\"https:\\\/\\\/vronsite.at\\\/?s={search_term_string}\"},\"query-input\":{\"@type\":\"PropertyValueSpecification\",\"valueRequired\":true,\"valueName\":\"search_term_string\"}}],\"inLanguage\":\"de-AT\"},{\"@type\":\"Organization\",\"@id\":\"https:\\\/\\\/vronsite.at\\\/#organization\",\"name\":\"VROnSite by MasterMind Developmend\",\"alternateName\":\"MasterMind Developmend - M\u00b2D\",\"url\":\"https:\\\/\\\/vronsite.at\\\/\",\"logo\":{\"@type\":\"ImageObject\",\"inLanguage\":\"de-AT\",\"@id\":\"https:\\\/\\\/vronsite.at\\\/#\\\/schema\\\/logo\\\/image\\\/\",\"url\":\"https:\\\/\\\/vronsite.at\\\/wp-content\\\/uploads\\\/2024\\\/09\\\/VROnSite_Logo_blue2.svg\",\"contentUrl\":\"https:\\\/\\\/vronsite.at\\\/wp-content\\\/uploads\\\/2024\\\/09\\\/VROnSite_Logo_blue2.svg\",\"caption\":\"VROnSite by MasterMind Developmend\"},\"image\":{\"@id\":\"https:\\\/\\\/vronsite.at\\\/#\\\/schema\\\/logo\\\/image\\\/\"},\"sameAs\":[\"https:\\\/\\\/at.linkedin.com\\\/company\\\/m2d-masterminde-development-gmbh?trk=ppro_cprof\"]}]}<\/script>\n<!-- \/ Yoast SEO plugin. -->","yoast_head_json":{"title":"Kontakt - VROnSite","robots":{"index":"index","follow":"follow","max-snippet":"max-snippet:-1","max-image-preview":"max-image-preview:large","max-video-preview":"max-video-preview:-1"},"canonical":"https:\/\/vronsite.at\/?page_id=89","og_locale":"de_DE","og_type":"article","og_title":"Kontakt - VROnSite","og_description":"Kontaktformular Haben Sie Fragen zu VROnSite oder ben\u00f6tigen Unterst\u00fctzung bei einem konkreten Anliegen?Schreiben Sie uns gerne eine Nachricht \u00fcber das untenstehende Kontaktformular oder kontaktieren Sie uns direkt per eMail. Wir freuen uns, Ihnen weiterzuhelfen! Please enable JavaScript in your browser to complete this form.Please enable JavaScript in your browser to complete this form. Name * [&hellip;]","og_url":"https:\/\/vronsite.at\/?page_id=89","og_site_name":"VROnSite","article_modified_time":"2025-11-19T16:08:36+00:00","og_image":[{"url":"https:\/\/vronsite.at\/wp-content\/plugins\/wpforms-lite\/assets\/images\/submit-spin.svg","type":"","width":"","height":""}],"twitter_card":"summary_large_image","twitter_misc":{"Gesch\u00e4tzte Lesezeit":"1 Minute"},"schema":{"@context":"https:\/\/schema.org","@graph":[{"@type":"WebPage","@id":"https:\/\/vronsite.at\/?page_id=89","url":"https:\/\/vronsite.at\/?page_id=89","name":"Kontakt - VROnSite","isPartOf":{"@id":"https:\/\/vronsite.at\/#website"},"primaryImageOfPage":{"@id":"https:\/\/vronsite.at\/?page_id=89#primaryimage"},"image":{"@id":"https:\/\/vronsite.at\/?page_id=89#primaryimage"},"thumbnailUrl":"https:\/\/vronsite.at\/wp-content\/plugins\/wpforms-lite\/assets\/images\/submit-spin.svg","datePublished":"2024-09-26T22:36:29+00:00","dateModified":"2025-11-19T16:08:36+00:00","breadcrumb":{"@id":"https:\/\/vronsite.at\/?page_id=89#breadcrumb"},"inLanguage":"de-AT","potentialAction":[{"@type":"ReadAction","target":["https:\/\/vronsite.at\/?page_id=89"]}]},{"@type":"ImageObject","inLanguage":"de-AT","@id":"https:\/\/vronsite.at\/?page_id=89#primaryimage","url":"https:\/\/vronsite.at\/wp-content\/plugins\/wpforms-lite\/assets\/images\/submit-spin.svg","contentUrl":"https:\/\/vronsite.at\/wp-content\/plugins\/wpforms-lite\/assets\/images\/submit-spin.svg"},{"@type":"BreadcrumbList","@id":"https:\/\/vronsite.at\/?page_id=89#breadcrumb","itemListElement":[{"@type":"ListItem","position":1,"name":"Startseite","item":"https:\/\/vronsite.at\/"},{"@type":"ListItem","position":2,"name":"Kontakt"}]},{"@type":"WebSite","@id":"https:\/\/vronsite.at\/#website","url":"https:\/\/vronsite.at\/","name":"VROnSite","description":"VR F\u00fchrungskr\u00e4ftesimulator by MasterMind Development","publisher":{"@id":"https:\/\/vronsite.at\/#organization"},"alternateName":"VROnSite F\u00fchrungskr\u00e4fte Simulator","potentialAction":[{"@type":"SearchAction","target":{"@type":"EntryPoint","urlTemplate":"https:\/\/vronsite.at\/?s={search_term_string}"},"query-input":{"@type":"PropertyValueSpecification","valueRequired":true,"valueName":"search_term_string"}}],"inLanguage":"de-AT"},{"@type":"Organization","@id":"https:\/\/vronsite.at\/#organization","name":"VROnSite by MasterMind Developmend","alternateName":"MasterMind Developmend - M\u00b2D","url":"https:\/\/vronsite.at\/","logo":{"@type":"ImageObject","inLanguage":"de-AT","@id":"https:\/\/vronsite.at\/#\/schema\/logo\/image\/","url":"https:\/\/vronsite.at\/wp-content\/uploads\/2024\/09\/VROnSite_Logo_blue2.svg","contentUrl":"https:\/\/vronsite.at\/wp-content\/uploads\/2024\/09\/VROnSite_Logo_blue2.svg","caption":"VROnSite by MasterMind Developmend"},"image":{"@id":"https:\/\/vronsite.at\/#\/schema\/logo\/image\/"},"sameAs":["https:\/\/at.linkedin.com\/company\/m2d-masterminde-development-gmbh?trk=ppro_cprof"]}]}},"_links":{"self":[{"href":"https:\/\/vronsite.at\/index.php?rest_route=\/wp\/v2\/pages\/89","targetHints":{"allow":["GET"]}}],"collection":[{"href":"https:\/\/vronsite.at\/index.php?rest_route=\/wp\/v2\/pages"}],"about":[{"href":"https:\/\/vronsite.at\/index.php?rest_route=\/wp\/v2\/types\/page"}],"author":[{"embeddable":true,"href":"https:\/\/vronsite.at\/index.php?rest_route=\/wp\/v2\/users\/2"}],"replies":[{"embeddable":true,"href":"https:\/\/vronsite.at\/index.php?rest_route=%2Fwp%2Fv2%2Fcomments&post=89"}],"version-history":[{"count":46,"href":"https:\/\/vronsite.at\/index.php?rest_route=\/wp\/v2\/pages\/89\/revisions"}],"predecessor-version":[{"id":1202,"href":"https:\/\/vronsite.at\/index.php?rest_route=\/wp\/v2\/pages\/89\/revisions\/1202"}],"wp:attachment":[{"href":"https:\/\/vronsite.at\/index.php?rest_route=%2Fwp%2Fv2%2Fmedia&parent=89"}],"curies":[{"name":"wp","href":"https:\/\/api.w.org\/{rel}","templated":true}]}}