{"id":91,"date":"2024-09-27T00:36:29","date_gmt":"2024-09-26T22:36:29","guid":{"rendered":"https:\/\/vronsite.at\/?page_id=91"},"modified":"2025-11-19T17:31:02","modified_gmt":"2025-11-19T16:31:02","slug":"impressum","status":"publish","type":"page","link":"https:\/\/vronsite.at\/?page_id=91","title":{"rendered":"Impressum"},"content":{"rendered":"\t\t<div data-elementor-type=\"wp-page\" data-elementor-id=\"91\" class=\"elementor elementor-91\" data-elementor-post-type=\"page\">\n\t\t\t\t<div class=\"elementor-element elementor-element-4362f13 e-con-full e-flex e-con e-parent\" data-id=\"4362f13\" data-element_type=\"container\" data-e-type=\"container\" data-settings=\"{&quot;background_background&quot;:&quot;classic&quot;}\">\n\t\t\t\t<\/div>\n\t\t<div class=\"elementor-element elementor-element-0bf78d3 e-flex e-con-boxed e-con e-parent\" data-id=\"0bf78d3\" data-element_type=\"container\" data-e-type=\"container\" data-settings=\"{&quot;background_background&quot;:&quot;gradient&quot;}\">\n\t\t\t\t\t<div class=\"e-con-inner\">\n\t\t\t\t<div class=\"elementor-element elementor-element-a7ca85a elementor-widget elementor-widget-heading\" data-id=\"a7ca85a\" data-element_type=\"widget\" data-e-type=\"widget\" data-widget_type=\"heading.default\">\n\t\t\t\t<div class=\"elementor-widget-container\">\n\t\t\t\t\t<h2 class=\"elementor-heading-title elementor-size-default\">Impressum\n<\/h2>\t\t\t\t<\/div>\n\t\t\t\t<\/div>\n\t\t\t\t<div class=\"elementor-element elementor-element-723d50c elementor-drop-cap-yes elementor-drop-cap-view-default elementor-widget elementor-widget-text-editor\" data-id=\"723d50c\" data-element_type=\"widget\" data-e-type=\"widget\" data-settings=\"{&quot;drop_cap&quot;:&quot;yes&quot;}\" data-widget_type=\"text-editor.default\">\n\t\t\t\t<div class=\"elementor-widget-container\">\n\t\t\t\t\t\t\t\t\t<p class=\"\"><strong>M\u00b2D MasterMind<\/strong><\/p><p class=\"\"><strong>Development GmbH <\/strong><\/p><p class=\"\">Dreifaltigkeitsstrasse 2-4\/2<\/p><p class=\"\">A-3425 Langenlebarn<\/p><p>\u00a0<\/p><p class=\"\"><strong>Gesch\u00e4ftsf\u00fchrung:<\/strong><\/p><p class=\"\">Mag.(FH) Andreas Peer,<\/p><p class=\"\">MBA &amp; Mag. Friedrich Urbanek<\/p><p>\u00a0<\/p><p><strong>Kontakt:<\/strong><\/p><p class=\"\">E-Mail: <a href=\"mailto:office@vronsite.at\">office@vronsite.at<\/a><\/p><p class=\"\">Telefon: +43 (0) 664 \/ 43 339 81<\/p>\t\t\t\t\t\t\t\t<\/div>\n\t\t\t\t<\/div>\n\t\t\t\t<div class=\"elementor-element elementor-element-58966db elementor-widget-divider--view-line elementor-widget elementor-widget-divider\" data-id=\"58966db\" data-element_type=\"widget\" data-e-type=\"widget\" data-widget_type=\"divider.default\">\n\t\t\t\t<div class=\"elementor-widget-container\">\n\t\t\t\t\t\t\t<div class=\"elementor-divider\">\n\t\t\t<span class=\"elementor-divider-separator\">\n\t\t\t\t\t\t<\/span>\n\t\t<\/div>\n\t\t\t\t\t\t<\/div>\n\t\t\t\t<\/div>\n\t\t\t\t<div class=\"elementor-element elementor-element-8f4fb27 elementor-widget elementor-widget-text-editor\" data-id=\"8f4fb27\" data-element_type=\"widget\" data-e-type=\"widget\" data-widget_type=\"text-editor.default\">\n\t\t\t\t<div class=\"elementor-widget-container\">\n\t\t\t\t\t\t\t\t\t<p class=\"\"><strong>Registereintragung:<br \/><\/strong>Sitz der Gesellschaft: TullnUnternehmensgegenstand: IT Dienstleistungen<br \/>Firmenbuchgericht: Handelsgericht Wien<br \/>Firmenbuchnummer: FN 401622 x<br \/>Mitglied bei WKO<\/p><p><strong>Umsatzsteuer:<br \/><\/strong>Umsatzsteuer-Identifikationsnummer: ATU 68405237<\/p><p><strong>Streitschlichtung:<br \/><\/strong>Gem\u00e4\u00df Verordnung \u00fcber Online-Streitbeilegung in Verbraucherangelegenheiten (ODR-Verordnung) m\u00f6chten wir Sie \u00fcber die Online-Streitbeilegungsplattform (OS-Plattform) informieren.Verbraucher haben die M\u00f6glichkeit, Beschwerden an die Online Streitbeilegungsplattform der Europ\u00e4ischen Kommission unter <a href=\"http:\/\/ec.europa.eu\/odr?tid=221086097\">http:\/\/ec.europa.eu\/odr?tid=221086097<\/a> zu richten.<br \/>Die daf\u00fcr notwendigen Kontaktdaten finden Sie oberhalb in unserem Impressum.<\/p>\t\t\t\t\t\t\t\t<\/div>\n\t\t\t\t<\/div>\n\t\t\t\t\t<\/div>\n\t\t\t\t<\/div>\n\t\t\t\t<\/div>\n\t\t","protected":false},"excerpt":{"rendered":"<p>Impressum M\u00b2D MasterMind Development GmbH Dreifaltigkeitsstrasse 2-4\/2 A-3425 Langenlebarn \u00a0 Gesch\u00e4ftsf\u00fchrung: Mag.(FH) Andreas Peer, MBA &amp; Mag. Friedrich Urbanek \u00a0 Kontakt: E-Mail: office@vronsite.at Telefon: +43 (0) 664 \/ 43 339 81 Registereintragung:Sitz der Gesellschaft: TullnUnternehmensgegenstand: IT DienstleistungenFirmenbuchgericht: Handelsgericht WienFirmenbuchnummer: FN 401622 xMitglied bei WKO Umsatzsteuer:Umsatzsteuer-Identifikationsnummer: ATU 68405237 Streitschlichtung:Gem\u00e4\u00df Verordnung \u00fcber Online-Streitbeilegung in Verbraucherangelegenheiten (ODR-Verordnung) m\u00f6chten [&hellip;]<\/p>\n","protected":false},"author":2,"featured_media":0,"parent":0,"menu_order":0,"comment_status":"closed","ping_status":"closed","template":"","meta":{"_crdt_document":"","footnotes":""},"class_list":["post-91","page","type-page","status-publish","hentry"],"blocksy_meta":[],"yoast_head":"<!-- This site is optimized with the Yoast SEO plugin v27.3 - https:\/\/yoast.com\/product\/yoast-seo-wordpress\/ -->\n<title>Impressum - VROnSite<\/title>\n<meta name=\"robots\" content=\"index, follow, max-snippet:-1, max-image-preview:large, max-video-preview:-1\" \/>\n<link rel=\"canonical\" href=\"https:\/\/vronsite.at\/?page_id=91\" \/>\n<meta property=\"og:locale\" content=\"de_DE\" \/>\n<meta property=\"og:type\" content=\"article\" \/>\n<meta property=\"og:title\" content=\"Impressum - VROnSite\" \/>\n<meta property=\"og:description\" content=\"Impressum M\u00b2D MasterMind Development GmbH Dreifaltigkeitsstrasse 2-4\/2 A-3425 Langenlebarn \u00a0 Gesch\u00e4ftsf\u00fchrung: Mag.(FH) Andreas Peer, MBA &amp; Mag. Friedrich Urbanek \u00a0 Kontakt: E-Mail: office@vronsite.at Telefon: +43 (0) 664 \/ 43 339 81 Registereintragung:Sitz der Gesellschaft: TullnUnternehmensgegenstand: IT DienstleistungenFirmenbuchgericht: Handelsgericht WienFirmenbuchnummer: FN 401622 xMitglied bei WKO Umsatzsteuer:Umsatzsteuer-Identifikationsnummer: ATU 68405237 Streitschlichtung:Gem\u00e4\u00df Verordnung \u00fcber Online-Streitbeilegung in Verbraucherangelegenheiten (ODR-Verordnung) m\u00f6chten [&hellip;]\" \/>\n<meta property=\"og:url\" content=\"https:\/\/vronsite.at\/?page_id=91\" \/>\n<meta property=\"og:site_name\" content=\"VROnSite\" \/>\n<meta property=\"article:modified_time\" content=\"2025-11-19T16:31:02+00:00\" \/>\n<meta name=\"twitter:card\" content=\"summary_large_image\" \/>\n<meta name=\"twitter:label1\" content=\"Gesch\u00e4tzte Lesezeit\" \/>\n\t<meta name=\"twitter:data1\" content=\"1 Minute\" \/>\n<script type=\"application\/ld+json\" class=\"yoast-schema-graph\">{\"@context\":\"https:\\\/\\\/schema.org\",\"@graph\":[{\"@type\":\"WebPage\",\"@id\":\"https:\\\/\\\/vronsite.at\\\/?page_id=91\",\"url\":\"https:\\\/\\\/vronsite.at\\\/?page_id=91\",\"name\":\"Impressum - VROnSite\",\"isPartOf\":{\"@id\":\"https:\\\/\\\/vronsite.at\\\/#website\"},\"datePublished\":\"2024-09-26T22:36:29+00:00\",\"dateModified\":\"2025-11-19T16:31:02+00:00\",\"breadcrumb\":{\"@id\":\"https:\\\/\\\/vronsite.at\\\/?page_id=91#breadcrumb\"},\"inLanguage\":\"de-AT\",\"potentialAction\":[{\"@type\":\"ReadAction\",\"target\":[\"https:\\\/\\\/vronsite.at\\\/?page_id=91\"]}]},{\"@type\":\"BreadcrumbList\",\"@id\":\"https:\\\/\\\/vronsite.at\\\/?page_id=91#breadcrumb\",\"itemListElement\":[{\"@type\":\"ListItem\",\"position\":1,\"name\":\"Startseite\",\"item\":\"https:\\\/\\\/vronsite.at\\\/\"},{\"@type\":\"ListItem\",\"position\":2,\"name\":\"Impressum\"}]},{\"@type\":\"WebSite\",\"@id\":\"https:\\\/\\\/vronsite.at\\\/#website\",\"url\":\"https:\\\/\\\/vronsite.at\\\/\",\"name\":\"VROnSite\",\"description\":\"VR F\u00fchrungskr\u00e4ftesimulator by MasterMind Development\",\"publisher\":{\"@id\":\"https:\\\/\\\/vronsite.at\\\/#organization\"},\"alternateName\":\"VROnSite F\u00fchrungskr\u00e4fte Simulator\",\"potentialAction\":[{\"@type\":\"SearchAction\",\"target\":{\"@type\":\"EntryPoint\",\"urlTemplate\":\"https:\\\/\\\/vronsite.at\\\/?s={search_term_string}\"},\"query-input\":{\"@type\":\"PropertyValueSpecification\",\"valueRequired\":true,\"valueName\":\"search_term_string\"}}],\"inLanguage\":\"de-AT\"},{\"@type\":\"Organization\",\"@id\":\"https:\\\/\\\/vronsite.at\\\/#organization\",\"name\":\"VROnSite by MasterMind Developmend\",\"alternateName\":\"MasterMind Developmend - M\u00b2D\",\"url\":\"https:\\\/\\\/vronsite.at\\\/\",\"logo\":{\"@type\":\"ImageObject\",\"inLanguage\":\"de-AT\",\"@id\":\"https:\\\/\\\/vronsite.at\\\/#\\\/schema\\\/logo\\\/image\\\/\",\"url\":\"https:\\\/\\\/vronsite.at\\\/wp-content\\\/uploads\\\/2024\\\/09\\\/VROnSite_Logo_blue2.svg\",\"contentUrl\":\"https:\\\/\\\/vronsite.at\\\/wp-content\\\/uploads\\\/2024\\\/09\\\/VROnSite_Logo_blue2.svg\",\"caption\":\"VROnSite by MasterMind Developmend\"},\"image\":{\"@id\":\"https:\\\/\\\/vronsite.at\\\/#\\\/schema\\\/logo\\\/image\\\/\"},\"sameAs\":[\"https:\\\/\\\/at.linkedin.com\\\/company\\\/m2d-masterminde-development-gmbh?trk=ppro_cprof\"]}]}<\/script>\n<!-- \/ Yoast SEO plugin. -->","yoast_head_json":{"title":"Impressum - VROnSite","robots":{"index":"index","follow":"follow","max-snippet":"max-snippet:-1","max-image-preview":"max-image-preview:large","max-video-preview":"max-video-preview:-1"},"canonical":"https:\/\/vronsite.at\/?page_id=91","og_locale":"de_DE","og_type":"article","og_title":"Impressum - VROnSite","og_description":"Impressum M\u00b2D MasterMind Development GmbH Dreifaltigkeitsstrasse 2-4\/2 A-3425 Langenlebarn \u00a0 Gesch\u00e4ftsf\u00fchrung: Mag.(FH) Andreas Peer, MBA &amp; Mag. Friedrich Urbanek \u00a0 Kontakt: E-Mail: office@vronsite.at Telefon: +43 (0) 664 \/ 43 339 81 Registereintragung:Sitz der Gesellschaft: TullnUnternehmensgegenstand: IT DienstleistungenFirmenbuchgericht: Handelsgericht WienFirmenbuchnummer: FN 401622 xMitglied bei WKO Umsatzsteuer:Umsatzsteuer-Identifikationsnummer: ATU 68405237 Streitschlichtung:Gem\u00e4\u00df Verordnung \u00fcber Online-Streitbeilegung in Verbraucherangelegenheiten (ODR-Verordnung) m\u00f6chten [&hellip;]","og_url":"https:\/\/vronsite.at\/?page_id=91","og_site_name":"VROnSite","article_modified_time":"2025-11-19T16:31:02+00:00","twitter_card":"summary_large_image","twitter_misc":{"Gesch\u00e4tzte Lesezeit":"1 Minute"},"schema":{"@context":"https:\/\/schema.org","@graph":[{"@type":"WebPage","@id":"https:\/\/vronsite.at\/?page_id=91","url":"https:\/\/vronsite.at\/?page_id=91","name":"Impressum - VROnSite","isPartOf":{"@id":"https:\/\/vronsite.at\/#website"},"datePublished":"2024-09-26T22:36:29+00:00","dateModified":"2025-11-19T16:31:02+00:00","breadcrumb":{"@id":"https:\/\/vronsite.at\/?page_id=91#breadcrumb"},"inLanguage":"de-AT","potentialAction":[{"@type":"ReadAction","target":["https:\/\/vronsite.at\/?page_id=91"]}]},{"@type":"BreadcrumbList","@id":"https:\/\/vronsite.at\/?page_id=91#breadcrumb","itemListElement":[{"@type":"ListItem","position":1,"name":"Startseite","item":"https:\/\/vronsite.at\/"},{"@type":"ListItem","position":2,"name":"Impressum"}]},{"@type":"WebSite","@id":"https:\/\/vronsite.at\/#website","url":"https:\/\/vronsite.at\/","name":"VROnSite","description":"VR F\u00fchrungskr\u00e4ftesimulator by MasterMind Development","publisher":{"@id":"https:\/\/vronsite.at\/#organization"},"alternateName":"VROnSite F\u00fchrungskr\u00e4fte Simulator","potentialAction":[{"@type":"SearchAction","target":{"@type":"EntryPoint","urlTemplate":"https:\/\/vronsite.at\/?s={search_term_string}"},"query-input":{"@type":"PropertyValueSpecification","valueRequired":true,"valueName":"search_term_string"}}],"inLanguage":"de-AT"},{"@type":"Organization","@id":"https:\/\/vronsite.at\/#organization","name":"VROnSite by MasterMind Developmend","alternateName":"MasterMind Developmend - M\u00b2D","url":"https:\/\/vronsite.at\/","logo":{"@type":"ImageObject","inLanguage":"de-AT","@id":"https:\/\/vronsite.at\/#\/schema\/logo\/image\/","url":"https:\/\/vronsite.at\/wp-content\/uploads\/2024\/09\/VROnSite_Logo_blue2.svg","contentUrl":"https:\/\/vronsite.at\/wp-content\/uploads\/2024\/09\/VROnSite_Logo_blue2.svg","caption":"VROnSite by MasterMind Developmend"},"image":{"@id":"https:\/\/vronsite.at\/#\/schema\/logo\/image\/"},"sameAs":["https:\/\/at.linkedin.com\/company\/m2d-masterminde-development-gmbh?trk=ppro_cprof"]}]}},"_links":{"self":[{"href":"https:\/\/vronsite.at\/index.php?rest_route=\/wp\/v2\/pages\/91","targetHints":{"allow":["GET"]}}],"collection":[{"href":"https:\/\/vronsite.at\/index.php?rest_route=\/wp\/v2\/pages"}],"about":[{"href":"https:\/\/vronsite.at\/index.php?rest_route=\/wp\/v2\/types\/page"}],"author":[{"embeddable":true,"href":"https:\/\/vronsite.at\/index.php?rest_route=\/wp\/v2\/users\/2"}],"replies":[{"embeddable":true,"href":"https:\/\/vronsite.at\/index.php?rest_route=%2Fwp%2Fv2%2Fcomments&post=91"}],"version-history":[{"count":64,"href":"https:\/\/vronsite.at\/index.php?rest_route=\/wp\/v2\/pages\/91\/revisions"}],"predecessor-version":[{"id":1220,"href":"https:\/\/vronsite.at\/index.php?rest_route=\/wp\/v2\/pages\/91\/revisions\/1220"}],"wp:attachment":[{"href":"https:\/\/vronsite.at\/index.php?rest_route=%2Fwp%2Fv2%2Fmedia&parent=91"}],"curies":[{"name":"wp","href":"https:\/\/api.w.org\/{rel}","templated":true}]}}